{"id":110,"date":"2024-01-25T17:44:13","date_gmt":"2024-01-25T17:44:13","guid":{"rendered":"https:\/\/carrillosproduce.com\/?post_type=product&#038;p=110"},"modified":"2024-01-25T17:44:13","modified_gmt":"2024-01-25T17:44:13","slug":"estragon-libra","status":"publish","type":"product","link":"https:\/\/carrillosproduce.com\/?product=estragon-libra","title":{"rendered":"Estrag\u00f3n (Libra)"},"content":{"rendered":"<p style=\"text-align: center;\">El Estrag\u00f3n es un arbusto de m\u00faltiples ramas con un sistema de ra\u00edces central que se extiende horizontalmente a trav\u00e9s del suelo para desarrollar una planta parecida a un arbusto. Cada tallo delgado contiene muchos pares de hojas alargadas de forma lanceolada. Las hojas verdes son delgadas, semibrillantes y flexibles, tienen un di\u00e1metro promedio de 2 a 8 cent\u00edmetros y se estrechan hasta una punta en el extremo que no es el tallo. Los tallos tambi\u00e9n son estrechos, de color verde p\u00e1lido y tienen una consistencia crujiente y fibrosa cuando son j\u00f3venes. El estrag\u00f3n fresco emite un aroma parecido al an\u00eds y contiene un sabor \u00e1cido y agridulce con matices de regaliz, menta, hinojo y vainilla dulce.<\/p>\n","protected":false},"excerpt":{"rendered":"<p>El Estrag\u00f3n es un arbusto de m\u00faltiples ramas con un sistema de ra\u00edces central que se extiende horizontalmente a trav\u00e9s [&hellip;]<\/p>\n","protected":false},"featured_media":111,"comment_status":"open","ping_status":"closed","template":"","meta":{"site-sidebar-layout":"default","site-content-layout":"","ast-site-content-layout":"default","site-content-style":"default","site-sidebar-style":"default","ast-global-header-display":"","ast-banner-title-visibility":"","ast-main-header-display":"","ast-hfb-above-header-display":"","ast-hfb-below-header-display":"","ast-hfb-mobile-header-display":"","site-post-title":"","ast-breadcrumbs-content":"","ast-featured-img":"","footer-sml-layout":"","ast-disable-related-posts":"","theme-transparent-header-meta":"default","adv-header-id-meta":"","stick-header-meta":"","header-above-stick-meta":"","header-main-stick-meta":"","header-below-stick-meta":"","astra-migrate-meta-layouts":"set","ast-page-background-enabled":"default","ast-page-background-meta":{"desktop":{"background-color":"var(--ast-global-color-4)","background-image":"","background-repeat":"repeat","background-position":"center center","background-size":"auto","background-attachment":"scroll","background-type":"","background-media":"","overlay-type":"","overlay-color":"","overlay-opacity":"","overlay-gradient":""},"tablet":{"background-color":"","background-image":"","background-repeat":"repeat","background-position":"center center","background-size":"auto","background-attachment":"scroll","background-type":"","background-media":"","overlay-type":"","overlay-color":"","overlay-opacity":"","overlay-gradient":""},"mobile":{"background-color":"","background-image":"","background-repeat":"repeat","background-position":"center center","background-size":"auto","background-attachment":"scroll","background-type":"","background-media":"","overlay-type":"","overlay-color":"","overlay-opacity":"","overlay-gradient":""}},"ast-content-background-meta":{"desktop":{"background-color":"var(--ast-global-color-5)","background-image":"","background-repeat":"repeat","background-position":"center center","background-size":"auto","background-attachment":"scroll","background-type":"","background-media":"","overlay-type":"","overlay-color":"","overlay-opacity":"","overlay-gradient":""},"tablet":{"background-color":"var(--ast-global-color-5)","background-image":"","background-repeat":"repeat","background-position":"center center","background-size":"auto","background-attachment":"scroll","background-type":"","background-media":"","overlay-type":"","overlay-color":"","overlay-opacity":"","overlay-gradient":""},"mobile":{"background-color":"var(--ast-global-color-5)","background-image":"","background-repeat":"repeat","background-position":"center center","background-size":"auto","background-attachment":"scroll","background-type":"","background-media":"","overlay-type":"","overlay-color":"","overlay-opacity":"","overlay-gradient":""}}},"product_brand":[],"product_cat":[24],"product_tag":[],"class_list":{"0":"post-110","1":"product","2":"type-product","3":"status-publish","4":"has-post-thumbnail","6":"product_cat-hierba","7":"desktop-align-left","8":"tablet-align-left","9":"mobile-align-left","11":"first","12":"instock","13":"shipping-taxable","14":"purchasable","15":"product-type-simple"},"_links":{"self":[{"href":"https:\/\/carrillosproduce.com\/index.php?rest_route=\/wp\/v2\/product\/110","targetHints":{"allow":["GET"]}}],"collection":[{"href":"https:\/\/carrillosproduce.com\/index.php?rest_route=\/wp\/v2\/product"}],"about":[{"href":"https:\/\/carrillosproduce.com\/index.php?rest_route=\/wp\/v2\/types\/product"}],"replies":[{"embeddable":true,"href":"https:\/\/carrillosproduce.com\/index.php?rest_route=%2Fwp%2Fv2%2Fcomments&post=110"}],"wp:featuredmedia":[{"embeddable":true,"href":"https:\/\/carrillosproduce.com\/index.php?rest_route=\/wp\/v2\/media\/111"}],"wp:attachment":[{"href":"https:\/\/carrillosproduce.com\/index.php?rest_route=%2Fwp%2Fv2%2Fmedia&parent=110"}],"wp:term":[{"taxonomy":"product_brand","embeddable":true,"href":"https:\/\/carrillosproduce.com\/index.php?rest_route=%2Fwp%2Fv2%2Fproduct_brand&post=110"},{"taxonomy":"product_cat","embeddable":true,"href":"https:\/\/carrillosproduce.com\/index.php?rest_route=%2Fwp%2Fv2%2Fproduct_cat&post=110"},{"taxonomy":"product_tag","embeddable":true,"href":"https:\/\/carrillosproduce.com\/index.php?rest_route=%2Fwp%2Fv2%2Fproduct_tag&post=110"}],"curies":[{"name":"wp","href":"https:\/\/api.w.org\/{rel}","templated":true}]}}