{"id":138,"date":"2024-01-25T18:10:49","date_gmt":"2024-01-25T18:10:49","guid":{"rendered":"https:\/\/carrillosproduce.com\/?post_type=product&#038;p=138"},"modified":"2025-07-04T22:18:55","modified_gmt":"2025-07-04T22:18:55","slug":"rabano-morado-kg","status":"publish","type":"product","link":"https:\/\/carrillosproduce.com\/?product=rabano-morado-kg","title":{"rendered":"R\u00e1bano Morado (kg)"},"content":{"rendered":"<p style=\"text-align: center;\">Los r\u00e1banos morados var\u00edan ampliamente en apariencia y tama\u00f1o, dependiendo de la variedad espec\u00edfica, y generalmente se encuentran en formas redondas, ovaladas y cil\u00edndricas con una \u00fanica ra\u00edz pivotante c\u00f3nica. La piel del r\u00e1bano es semilisa, texturizada y firme, y presenta tonos s\u00f3lidos a variados de color p\u00farpura claro, p\u00farpura oscuro y violeta. Debajo de la superficie, la pulpa es densa, crujiente y bicolor, con rayas moradas sobre una base blanca. La carne tambi\u00e9n puede presentar un anillo de color p\u00farpura oscuro alrededor del borde justo debajo de la piel o mostrar tonos s\u00f3lidos de color p\u00farpura o blanco. Los r\u00e1banos morados conservan un n\u00facleo crujiente incluso cuando se cultivan en tama\u00f1os m\u00e1s grandes y rara vez se vuelven concisos.<\/p>\n","protected":false},"excerpt":{"rendered":"<p>Los r\u00e1banos morados var\u00edan ampliamente en apariencia y tama\u00f1o, dependiendo de la variedad espec\u00edfica, y generalmente se encuentran en formas [&hellip;]<\/p>\n","protected":false},"featured_media":139,"comment_status":"open","ping_status":"closed","template":"","meta":{"site-sidebar-layout":"default","site-content-layout":"","ast-site-content-layout":"default","site-content-style":"default","site-sidebar-style":"default","ast-global-header-display":"","ast-banner-title-visibility":"","ast-main-header-display":"","ast-hfb-above-header-display":"","ast-hfb-below-header-display":"","ast-hfb-mobile-header-display":"","site-post-title":"","ast-breadcrumbs-content":"","ast-featured-img":"","footer-sml-layout":"","ast-disable-related-posts":"","theme-transparent-header-meta":"default","adv-header-id-meta":"","stick-header-meta":"","header-above-stick-meta":"","header-main-stick-meta":"","header-below-stick-meta":"","astra-migrate-meta-layouts":"set","ast-page-background-enabled":"default","ast-page-background-meta":{"desktop":{"background-color":"var(--ast-global-color-4)","background-image":"","background-repeat":"repeat","background-position":"center center","background-size":"auto","background-attachment":"scroll","background-type":"","background-media":"","overlay-type":"","overlay-color":"","overlay-opacity":"","overlay-gradient":""},"tablet":{"background-color":"","background-image":"","background-repeat":"repeat","background-position":"center center","background-size":"auto","background-attachment":"scroll","background-type":"","background-media":"","overlay-type":"","overlay-color":"","overlay-opacity":"","overlay-gradient":""},"mobile":{"background-color":"","background-image":"","background-repeat":"repeat","background-position":"center center","background-size":"auto","background-attachment":"scroll","background-type":"","background-media":"","overlay-type":"","overlay-color":"","overlay-opacity":"","overlay-gradient":""}},"ast-content-background-meta":{"desktop":{"background-color":"var(--ast-global-color-5)","background-image":"","background-repeat":"repeat","background-position":"center center","background-size":"auto","background-attachment":"scroll","background-type":"","background-media":"","overlay-type":"","overlay-color":"","overlay-opacity":"","overlay-gradient":""},"tablet":{"background-color":"var(--ast-global-color-5)","background-image":"","background-repeat":"repeat","background-position":"center center","background-size":"auto","background-attachment":"scroll","background-type":"","background-media":"","overlay-type":"","overlay-color":"","overlay-opacity":"","overlay-gradient":""},"mobile":{"background-color":"var(--ast-global-color-5)","background-image":"","background-repeat":"repeat","background-position":"center center","background-size":"auto","background-attachment":"scroll","background-type":"","background-media":"","overlay-type":"","overlay-color":"","overlay-opacity":"","overlay-gradient":""}}},"product_brand":[],"product_cat":[22],"product_tag":[],"class_list":{"0":"post-138","1":"product","2":"type-product","3":"status-publish","4":"has-post-thumbnail","6":"product_cat-vegetales","7":"desktop-align-left","8":"tablet-align-left","9":"mobile-align-left","11":"first","12":"instock","13":"shipping-taxable","14":"purchasable","15":"product-type-simple"},"_links":{"self":[{"href":"https:\/\/carrillosproduce.com\/index.php?rest_route=\/wp\/v2\/product\/138","targetHints":{"allow":["GET"]}}],"collection":[{"href":"https:\/\/carrillosproduce.com\/index.php?rest_route=\/wp\/v2\/product"}],"about":[{"href":"https:\/\/carrillosproduce.com\/index.php?rest_route=\/wp\/v2\/types\/product"}],"replies":[{"embeddable":true,"href":"https:\/\/carrillosproduce.com\/index.php?rest_route=%2Fwp%2Fv2%2Fcomments&post=138"}],"wp:featuredmedia":[{"embeddable":true,"href":"https:\/\/carrillosproduce.com\/index.php?rest_route=\/wp\/v2\/media\/139"}],"wp:attachment":[{"href":"https:\/\/carrillosproduce.com\/index.php?rest_route=%2Fwp%2Fv2%2Fmedia&parent=138"}],"wp:term":[{"taxonomy":"product_brand","embeddable":true,"href":"https:\/\/carrillosproduce.com\/index.php?rest_route=%2Fwp%2Fv2%2Fproduct_brand&post=138"},{"taxonomy":"product_cat","embeddable":true,"href":"https:\/\/carrillosproduce.com\/index.php?rest_route=%2Fwp%2Fv2%2Fproduct_cat&post=138"},{"taxonomy":"product_tag","embeddable":true,"href":"https:\/\/carrillosproduce.com\/index.php?rest_route=%2Fwp%2Fv2%2Fproduct_tag&post=138"}],"curies":[{"name":"wp","href":"https:\/\/api.w.org\/{rel}","templated":true}]}}