{"id":188,"date":"2024-01-26T22:05:11","date_gmt":"2024-01-26T22:05:11","guid":{"rendered":"https:\/\/carrillosproduce.com\/?post_type=product&#038;p=188"},"modified":"2026-04-24T05:23:58","modified_gmt":"2026-04-24T05:23:58","slug":"hierbabuena-libra","status":"publish","type":"product","link":"https:\/\/carrillosproduce.com\/?product=hierbabuena-libra","title":{"rendered":"Hierbabuena (Libra)"},"content":{"rendered":"<p style=\"text-align: center;\">La\u00a0<strong>hierbabuena<\/strong> es una hierba arom\u00e1tica muy utilizada en la gastronom\u00eda. Sus hojas verde oscuro son ovadas, de bordes aserrados y superficie rugosa. Tiene un aroma fresco e intenso que permite que sea usada en la preparaci\u00f3n de muchos alimentos. La hierbabuena por su sabor y aroma intenso es utilizada en gastronom\u00eda como condimento en gran n\u00famero de preparaciones. Sus hojas son utilizadas para aderezar sopas, carnes de caza y cordero, se suelen a\u00f1adir a ensaladas como el tabule y en preparaci\u00f3n de postres y sorbetes. Prueba aromatizando pescado con una salsa de hierbabuena y lim\u00f3n, o preparando una vinagreta para ensaladas. <a class=\"tooltip-target\" href=\"https:\/\/www.cocinaycome.com\/hierbabuena-mentha-spicata\/\" target=\"_blank\" rel=\"noopener\" data-citationid=\"19a8101f-256c-6c5b-e81e-8c8a67aaab55-3-group\">La hierbabuena es a\u00f1adida a bebidas refrescantes, es utilizada para preparar c\u00f3cteles populares como el mojito cubano, y como infusi\u00f3n es deliciosa y beneficia la salud digestiva. <\/a><\/p>\n","protected":false},"excerpt":{"rendered":"<p>La\u00a0hierbabuena es una hierba arom\u00e1tica muy utilizada en la gastronom\u00eda. Sus hojas verde oscuro son ovadas, de bordes aserrados y [&hellip;]<\/p>\n","protected":false},"featured_media":189,"comment_status":"open","ping_status":"closed","template":"","meta":{"site-sidebar-layout":"default","site-content-layout":"","ast-site-content-layout":"default","site-content-style":"default","site-sidebar-style":"default","ast-global-header-display":"","ast-banner-title-visibility":"","ast-main-header-display":"","ast-hfb-above-header-display":"","ast-hfb-below-header-display":"","ast-hfb-mobile-header-display":"","site-post-title":"","ast-breadcrumbs-content":"","ast-featured-img":"","footer-sml-layout":"","ast-disable-related-posts":"","theme-transparent-header-meta":"default","adv-header-id-meta":"","stick-header-meta":"","header-above-stick-meta":"","header-main-stick-meta":"","header-below-stick-meta":"","astra-migrate-meta-layouts":"set","ast-page-background-enabled":"default","ast-page-background-meta":{"desktop":{"background-color":"var(--ast-global-color-4)","background-image":"","background-repeat":"repeat","background-position":"center center","background-size":"auto","background-attachment":"scroll","background-type":"","background-media":"","overlay-type":"","overlay-color":"","overlay-opacity":"","overlay-gradient":""},"tablet":{"background-color":"","background-image":"","background-repeat":"repeat","background-position":"center center","background-size":"auto","background-attachment":"scroll","background-type":"","background-media":"","overlay-type":"","overlay-color":"","overlay-opacity":"","overlay-gradient":""},"mobile":{"background-color":"","background-image":"","background-repeat":"repeat","background-position":"center center","background-size":"auto","background-attachment":"scroll","background-type":"","background-media":"","overlay-type":"","overlay-color":"","overlay-opacity":"","overlay-gradient":""}},"ast-content-background-meta":{"desktop":{"background-color":"var(--ast-global-color-5)","background-image":"","background-repeat":"repeat","background-position":"center center","background-size":"auto","background-attachment":"scroll","background-type":"","background-media":"","overlay-type":"","overlay-color":"","overlay-opacity":"","overlay-gradient":""},"tablet":{"background-color":"var(--ast-global-color-5)","background-image":"","background-repeat":"repeat","background-position":"center center","background-size":"auto","background-attachment":"scroll","background-type":"","background-media":"","overlay-type":"","overlay-color":"","overlay-opacity":"","overlay-gradient":""},"mobile":{"background-color":"var(--ast-global-color-5)","background-image":"","background-repeat":"repeat","background-position":"center center","background-size":"auto","background-attachment":"scroll","background-type":"","background-media":"","overlay-type":"","overlay-color":"","overlay-opacity":"","overlay-gradient":""}}},"product_brand":[],"product_cat":[24],"product_tag":[],"class_list":{"0":"post-188","1":"product","2":"type-product","3":"status-publish","4":"has-post-thumbnail","6":"product_cat-hierba","7":"desktop-align-left","8":"tablet-align-left","9":"mobile-align-left","11":"first","12":"instock","13":"shipping-taxable","14":"purchasable","15":"product-type-simple"},"_links":{"self":[{"href":"https:\/\/carrillosproduce.com\/index.php?rest_route=\/wp\/v2\/product\/188","targetHints":{"allow":["GET"]}}],"collection":[{"href":"https:\/\/carrillosproduce.com\/index.php?rest_route=\/wp\/v2\/product"}],"about":[{"href":"https:\/\/carrillosproduce.com\/index.php?rest_route=\/wp\/v2\/types\/product"}],"replies":[{"embeddable":true,"href":"https:\/\/carrillosproduce.com\/index.php?rest_route=%2Fwp%2Fv2%2Fcomments&post=188"}],"wp:featuredmedia":[{"embeddable":true,"href":"https:\/\/carrillosproduce.com\/index.php?rest_route=\/wp\/v2\/media\/189"}],"wp:attachment":[{"href":"https:\/\/carrillosproduce.com\/index.php?rest_route=%2Fwp%2Fv2%2Fmedia&parent=188"}],"wp:term":[{"taxonomy":"product_brand","embeddable":true,"href":"https:\/\/carrillosproduce.com\/index.php?rest_route=%2Fwp%2Fv2%2Fproduct_brand&post=188"},{"taxonomy":"product_cat","embeddable":true,"href":"https:\/\/carrillosproduce.com\/index.php?rest_route=%2Fwp%2Fv2%2Fproduct_cat&post=188"},{"taxonomy":"product_tag","embeddable":true,"href":"https:\/\/carrillosproduce.com\/index.php?rest_route=%2Fwp%2Fv2%2Fproduct_tag&post=188"}],"curies":[{"name":"wp","href":"https:\/\/api.w.org\/{rel}","templated":true}]}}