{"id":81,"date":"2024-01-23T21:14:55","date_gmt":"2024-01-23T21:14:55","guid":{"rendered":"https:\/\/carrillosproduce.com\/?post_type=product&#038;p=81"},"modified":"2024-01-23T21:49:09","modified_gmt":"2024-01-23T21:49:09","slug":"calabaza-zucchini","status":"publish","type":"product","link":"https:\/\/carrillosproduce.com\/?product=calabaza-zucchini","title":{"rendered":"Calabaza Zucchini (kg)"},"content":{"rendered":"<p style=\"text-align: center;\">El calabac\u00edn Baby Green es delgado, peque\u00f1o y cil\u00edndrico con un tallo m\u00e1s peque\u00f1o que cuando<br \/>\nest\u00e1 completamente maduro. Su piel es brillante y de color verde intenso con tenues pecas color<br \/>\ncrema. Su pulpa crujiente es de color blanco cremoso con una cavidad de semillas poco<br \/>\ndesarrollada debido a su juventud. Su sabor es complejo con matices herb\u00e1ceos. La cocci\u00f3n<br \/>\nsuavizar\u00e1 el sabor y el color del calabac\u00edn . Los calabacines m\u00e1s j\u00f3venes se eligen sobre los<br \/>\nmaduros ya que sus semillas est\u00e1n apenas desarrolladas y la pulpa ofrece un mayor contenido de<br \/>\nhumedad que la del calabac\u00edn maduro. Adem\u00e1s del fruto las flores tambi\u00e9n son comestibles.<\/p>\n<p style=\"text-align: center;\">La Calabaza Zucchini est\u00e1n disponibles todo el a\u00f1o con temporadas altas en primavera.<\/p>\n","protected":false},"excerpt":{"rendered":"<p>El calabac\u00edn Baby Green es delgado, peque\u00f1o y cil\u00edndrico con un tallo m\u00e1s peque\u00f1o que cuando est\u00e1 completamente maduro. Su [&hellip;]<\/p>\n","protected":false},"featured_media":82,"comment_status":"open","ping_status":"closed","template":"","meta":{"site-sidebar-layout":"default","site-content-layout":"","ast-site-content-layout":"default","site-content-style":"default","site-sidebar-style":"default","ast-global-header-display":"","ast-banner-title-visibility":"","ast-main-header-display":"","ast-hfb-above-header-display":"","ast-hfb-below-header-display":"","ast-hfb-mobile-header-display":"","site-post-title":"","ast-breadcrumbs-content":"","ast-featured-img":"","footer-sml-layout":"","ast-disable-related-posts":"","theme-transparent-header-meta":"default","adv-header-id-meta":"","stick-header-meta":"","header-above-stick-meta":"","header-main-stick-meta":"","header-below-stick-meta":"","astra-migrate-meta-layouts":"set","ast-page-background-enabled":"default","ast-page-background-meta":{"desktop":{"background-color":"var(--ast-global-color-4)","background-image":"","background-repeat":"repeat","background-position":"center center","background-size":"auto","background-attachment":"scroll","background-type":"","background-media":"","overlay-type":"","overlay-color":"","overlay-opacity":"","overlay-gradient":""},"tablet":{"background-color":"","background-image":"","background-repeat":"repeat","background-position":"center center","background-size":"auto","background-attachment":"scroll","background-type":"","background-media":"","overlay-type":"","overlay-color":"","overlay-opacity":"","overlay-gradient":""},"mobile":{"background-color":"","background-image":"","background-repeat":"repeat","background-position":"center center","background-size":"auto","background-attachment":"scroll","background-type":"","background-media":"","overlay-type":"","overlay-color":"","overlay-opacity":"","overlay-gradient":""}},"ast-content-background-meta":{"desktop":{"background-color":"var(--ast-global-color-5)","background-image":"","background-repeat":"repeat","background-position":"center center","background-size":"auto","background-attachment":"scroll","background-type":"","background-media":"","overlay-type":"","overlay-color":"","overlay-opacity":"","overlay-gradient":""},"tablet":{"background-color":"var(--ast-global-color-5)","background-image":"","background-repeat":"repeat","background-position":"center center","background-size":"auto","background-attachment":"scroll","background-type":"","background-media":"","overlay-type":"","overlay-color":"","overlay-opacity":"","overlay-gradient":""},"mobile":{"background-color":"var(--ast-global-color-5)","background-image":"","background-repeat":"repeat","background-position":"center center","background-size":"auto","background-attachment":"scroll","background-type":"","background-media":"","overlay-type":"","overlay-color":"","overlay-opacity":"","overlay-gradient":""}}},"product_brand":[],"product_cat":[22],"product_tag":[],"class_list":{"0":"post-81","1":"product","2":"type-product","3":"status-publish","4":"has-post-thumbnail","6":"product_cat-vegetales","7":"desktop-align-left","8":"tablet-align-left","9":"mobile-align-left","11":"first","12":"instock","13":"shipping-taxable","14":"purchasable","15":"product-type-simple"},"_links":{"self":[{"href":"https:\/\/carrillosproduce.com\/index.php?rest_route=\/wp\/v2\/product\/81","targetHints":{"allow":["GET"]}}],"collection":[{"href":"https:\/\/carrillosproduce.com\/index.php?rest_route=\/wp\/v2\/product"}],"about":[{"href":"https:\/\/carrillosproduce.com\/index.php?rest_route=\/wp\/v2\/types\/product"}],"replies":[{"embeddable":true,"href":"https:\/\/carrillosproduce.com\/index.php?rest_route=%2Fwp%2Fv2%2Fcomments&post=81"}],"wp:featuredmedia":[{"embeddable":true,"href":"https:\/\/carrillosproduce.com\/index.php?rest_route=\/wp\/v2\/media\/82"}],"wp:attachment":[{"href":"https:\/\/carrillosproduce.com\/index.php?rest_route=%2Fwp%2Fv2%2Fmedia&parent=81"}],"wp:term":[{"taxonomy":"product_brand","embeddable":true,"href":"https:\/\/carrillosproduce.com\/index.php?rest_route=%2Fwp%2Fv2%2Fproduct_brand&post=81"},{"taxonomy":"product_cat","embeddable":true,"href":"https:\/\/carrillosproduce.com\/index.php?rest_route=%2Fwp%2Fv2%2Fproduct_cat&post=81"},{"taxonomy":"product_tag","embeddable":true,"href":"https:\/\/carrillosproduce.com\/index.php?rest_route=%2Fwp%2Fv2%2Fproduct_tag&post=81"}],"curies":[{"name":"wp","href":"https:\/\/api.w.org\/{rel}","templated":true}]}}